{"id":12,"date":"2010-02-09T23:21:37","date_gmt":"2010-02-09T23:21:37","guid":{"rendered":"http:\/\/www.rfd-zagreb.hr\/a\/?page_id=12"},"modified":"2019-04-01T07:40:13","modified_gmt":"2019-04-01T07:40:13","slug":"javna-nabava","status":"publish","type":"page","link":"https:\/\/www.rfd-zagreb.hr\/a\/?page_id=12","title":{"rendered":"JAVNA NABAVA"},"content":{"rendered":"<h5><a href=\"http:\/\/www.rif.hr\/seminari-i-edukacije\/2299\/specijalisticki-program-izobrazbe-u-podrucju-javne-nabave-prema-zjn-2016\">Specijalisti\u010dki program izobrazbe u podru\u010dju javne nabave prema ZJN 2016<\/a><br \/>\n<span id=\"ext-gen1777\"><strong>08. &#8211; 12. travnja 2019.<\/strong><b><br \/>\n<\/b>Dvorana HZRFD, Zagreb, Jakova Gotovca 1\/II (kod Kvaternikovog trga)<\/span><\/h5>\n<p>Hrvatska zajednica ra\u010dunovo\u0111a i financijskih djelatnika u suradnji s Upravom javne nabave Ministarstva gospodarstva, rada i poduzetni\u0161tva<br \/>\norganizira seminar<\/p>\n<p><strong>NOVI ZAKON O JAVNOJ NABAVI<\/strong><\/p>\n<p><strong>pripreme za primjenu od 01. sije\u010dnja 2012.<\/strong><\/p>\n<p>29. 09. 2011. OSIJEK Hotel MURSA &#8211; B. Ka\u0161i\u0107a 2A<br \/>\n04. 10. 2011. ZAGREB Hotel THE WESTIN &#8211; Kr\u0161njavoga 1<br \/>\n14. 10. 2011. SPLIT HGK \u017dupanijska komora Split &#8211; Ante Trumbi\u0107a 4<br \/>\n21. 10. 2011. OPATIJA Hotel ADMIRAL &#8211; Trg mar\u0161ala Tita 139<\/p>\n<p>po\u010detak u 9.30<\/p>\n<p>PROGRAM:<br \/>\n1. UVOD &#8211; RAZLOZI DONO\u0160ENJA NOVOG ZAKONA<br \/>\n2. NOVINE U SUSTAVU JAVNE NABAVE<\/p>\n<ul>\n<li>vrijednosni pragovi za postupke javne nabave<\/li>\n<li>po\u010detak postupka javne nabave<\/li>\n<li>planiranje javne nabave &#8211; objava plana nabave na internetskim stranicama naru\u010ditelja<\/li>\n<li>izvr\u0161enje ugovora o javnoj nabavi &#8211; registar ugovora<\/li>\n<li>ozna\u010davanje poslovne tajne<\/li>\n<li>nove odredbe o sprje\u010davanju sukoba interesa<\/li>\n<li>odredbe o koncesijama za javne radove<\/li>\n<\/ul>\n<p>3. PROVO\u0110ENJE JAVNE NABAVE PREMA NOVOM ZAKONU<\/p>\n<ul>\n<li>novine u odre\u0111ivanju rokova u raznim dijelovima postupaka javne nabave<\/li>\n<li>definiranje tehni\u010dkih specifikacija u dokumentaciji za nadmetanje<\/li>\n<li>novine u uvjetima i dokazima o sposobnosti &#8211; potvrda Porezne uprave, neovjerene preslike i dr.<\/li>\n<li>promjene kod odre\u0111ivanja ekonomski najpovoljnije ponude<\/li>\n<li>nove odredbe vezane uz podizvoditelje<\/li>\n<li>nove odredbe o provjeri odabranog ponuditelja<\/li>\n<li>novine kod pregovara\u010dkog postupka bez prethodne objave<\/li>\n<li>novine kod sklapanja okvirnog sporazuma<\/li>\n<\/ul>\n<p>4. UGOVORI O JAVNIM USLUGAMA IZ DODATKA II B<\/p>\n<ul>\n<li>detaljna razrada provedbe sklapanja ugovora<\/li>\n<li>prikupljanje ponuda &#8211; najmanje 3 gospodarska subjekta<\/li>\n<li>objava poziva na internetskim stranicama naru\u010ditelja<\/li>\n<\/ul>\n<p>5. PRAVNA ZA\u0160TITA<\/p>\n<ul>\n<li>novo odre\u0111ivanje bitnih povreda Zakona<\/li>\n<li>novine u pla\u0107anju naknade za \u017ealbeni postupak<\/li>\n<li>izmjena rokova za ulaganje \u017ealbe<\/li>\n<li>nove ovlasti Dr\u017eavne komisije za kontrolu postupaka javne nabave<\/li>\n<\/ul>\n<p>6. ODGOVORI NA PITANJA<br \/>\nPredava\u010di: predstavnici Uprave za sustav javne nabave MINGORP-a.<br \/>\nLiteratura: Novi priru\u010dnik s obradom seminarskih tema i tekstom novog Zakona.<br \/>\nNaknada: 800,00 kuna (za pretplatnike) uklju\u010duje novi priru\u010dnik, radni pribor, osvje\u017eavaju\u0107i napitak i PDV.<br \/>\n1.000,00 kuna (za nepretplatnike) uklju\u010duje novi priru\u010dnik, radni pribor, osvje\u017eavaju\u0107i napitak i PDV.<\/p>\n<p>Uplate na \u017eirora\u010dun HZ RIF, Zagreb, Jakova Gotovca 1\/II, \u017eirora\u010dun broj: 2360000 &#8211; 1101241118 ili gotovinom prije po\u010detka, OIB: 75508100288.<br \/>\nInformacije: 01\/4686 &#8211; 500, 4686 &#8211; 502; e-mail: pretplata@rif.hr; telefax: 01\/4686 &#8211; 496.<\/p>\n","protected":false},"excerpt":{"rendered":"<p>Specijalisti\u010dki program izobrazbe u podru\u010dju javne nabave prema ZJN 2016 08. &#8211; 12. travnja 2019. Dvorana HZRFD, Zagreb, Jakova Gotovca 1\/II (kod Kvaternikovog trga) Hrvatska zajednica ra\u010dunovo\u0111a i financijskih djelatnika u suradnji s Upravom javne nabave Ministarstva gospodarstva, rada i poduzetni\u0161tva organizira seminar NOVI ZAKON O JAVNOJ NABAVI pripreme za primjenu od 01. sije\u010dnja 2012. [&hellip;]<\/p>\n","protected":false},"author":1,"featured_media":0,"parent":0,"menu_order":96,"comment_status":"open","ping_status":"open","template":"","meta":{"footnotes":""},"class_list":["post-12","page","type-page","status-publish","hentry"],"_links":{"self":[{"href":"https:\/\/www.rfd-zagreb.hr\/a\/index.php?rest_route=\/wp\/v2\/pages\/12","targetHints":{"allow":["GET"]}}],"collection":[{"href":"https:\/\/www.rfd-zagreb.hr\/a\/index.php?rest_route=\/wp\/v2\/pages"}],"about":[{"href":"https:\/\/www.rfd-zagreb.hr\/a\/index.php?rest_route=\/wp\/v2\/types\/page"}],"author":[{"embeddable":true,"href":"https:\/\/www.rfd-zagreb.hr\/a\/index.php?rest_route=\/wp\/v2\/users\/1"}],"replies":[{"embeddable":true,"href":"https:\/\/www.rfd-zagreb.hr\/a\/index.php?rest_route=%2Fwp%2Fv2%2Fcomments&post=12"}],"version-history":[{"count":18,"href":"https:\/\/www.rfd-zagreb.hr\/a\/index.php?rest_route=\/wp\/v2\/pages\/12\/revisions"}],"predecessor-version":[{"id":502,"href":"https:\/\/www.rfd-zagreb.hr\/a\/index.php?rest_route=\/wp\/v2\/pages\/12\/revisions\/502"}],"wp:attachment":[{"href":"https:\/\/www.rfd-zagreb.hr\/a\/index.php?rest_route=%2Fwp%2Fv2%2Fmedia&parent=12"}],"curies":[{"name":"wp","href":"https:\/\/api.w.org\/{rel}","templated":true}]}}